{"id":7,"date":"2023-11-07T21:10:38","date_gmt":"2023-11-07T21:10:38","guid":{"rendered":"https:\/\/1bip1message.fr\/WP\/?page_id=7"},"modified":"2026-03-12T17:42:38","modified_gmt":"2026-03-12T16:42:38","slug":"niteo-about","status":"publish","type":"page","link":"https:\/\/1bip1message.fr\/?page_id=7","title":{"rendered":"NOS PACKS"},"content":{"rendered":"\n<div class=\"wp-block-columns is-layout-flex wp-container-core-columns-is-layout-9d6595d7 wp-block-columns-is-layout-flex\">\n<div class=\"wp-block-column is-vertically-aligned-center is-layout-flow wp-block-column-is-layout-flow\">\n<h3 id=\"wp-block-themeisle-blocks-advanced-heading-fb54280b\" class=\"wp-block-themeisle-blocks-advanced-heading wp-block-themeisle-blocks-advanced-heading-fb54280b\"><strong>\u00c9mouvante, dr\u00f4le, pudique,<br>touchante, sinc\u00e8re,<br>la voix retranscrit <br>les \u00e9motions telles qu\u2019elles sont.<\/strong><\/h3>\n<\/div>\n\n\n\n<div class=\"wp-block-column is-vertically-aligned-center is-layout-flow wp-block-column-is-layout-flow\">\n<h3 id=\"wp-block-themeisle-blocks-advanced-heading-4a5a7764\" class=\"wp-block-themeisle-blocks-advanced-heading wp-block-themeisle-blocks-advanced-heading-4a5a7764\">Du mariage au s\u00e9minaire,<br>de l\u2019anniversaire \u00e0 l\u2019inauguration,<br>nos t\u00e9l\u00e9phones vous garantissent <br>une pluie de t\u00e9moignages <br>\u00e0 s\u2019en noyer les yeux.<\/h3>\n<\/div>\n<\/div>\n\n\n\n<div id=\"BASIC\" class=\"wp-block-group has-background\" style=\"background:linear-gradient(0deg,rgba(237,237,237,0) 0%,rgba(194,188,169,0.25) 100%)\"><div class=\"wp-block-group__inner-container is-layout-constrained wp-block-group-is-layout-constrained\">\n<div class=\"wp-block-columns is-layout-flex wp-container-core-columns-is-layout-9d6595d7 wp-block-columns-is-layout-flex\">\n<div class=\"wp-block-column is-layout-flow wp-block-column-is-layout-flow\" style=\"flex-basis:25%\">\n<div class=\"wp-block-cover\"><img loading=\"lazy\" decoding=\"async\" width=\"2560\" height=\"1707\" class=\"wp-block-cover__image-background wp-image-54\" alt=\"Livre d'or audio en Lorraine - Grand Est Nancy - Livre d'or vocal Mariage, Anniversaire, Wedding, Mariage Lorraine, Nancy Mariage, Animation Nancy, Animation Lorraine, T\u00e9l\u00e9phone Livre d'or, Gender Reveal, Seminaire, 1bip1message Apr\u00e8s le Bip, un bip un message\" src=\"https:\/\/1bip1message.fr\/WP\/wp-content\/uploads\/2023\/11\/IMG_3331-scaled.jpg\" style=\"object-position:66% 41%\" data-object-fit=\"cover\" data-object-position=\"66% 41%\" srcset=\"https:\/\/1bip1message.fr\/WP\/wp-content\/uploads\/2023\/11\/IMG_3331-scaled.jpg 2560w, https:\/\/1bip1message.fr\/WP\/wp-content\/uploads\/2023\/11\/IMG_3331-300x200.jpg 300w, https:\/\/1bip1message.fr\/WP\/wp-content\/uploads\/2023\/11\/IMG_3331-1024x683.jpg 1024w, https:\/\/1bip1message.fr\/WP\/wp-content\/uploads\/2023\/11\/IMG_3331-768x512.jpg 768w, https:\/\/1bip1message.fr\/WP\/wp-content\/uploads\/2023\/11\/IMG_3331-1536x1024.jpg 1536w, https:\/\/1bip1message.fr\/WP\/wp-content\/uploads\/2023\/11\/IMG_3331-2048x1365.jpg 2048w\" sizes=\"auto, (max-width: 2560px) 100vw, 2560px\" \/><span aria-hidden=\"true\" class=\"wp-block-cover__background has-background-dim-20 has-background-dim\"><\/span><div class=\"wp-block-cover__inner-container is-layout-flow wp-block-cover-is-layout-flow\">\n<h2 class=\"wp-block-heading has-text-align-center ticss-4234bcbb has-white-color has-text-color\" id=\"PREMIUM\">PREMIUM<\/h2>\n\n\n\n<div style=\"height:235px\" aria-hidden=\"true\" class=\"wp-block-spacer\"><\/div>\n<\/div><\/div>\n<\/div>\n\n\n\n<div class=\"wp-block-column is-vertically-aligned-center ticss-84bc264c is-layout-flow wp-block-column-is-layout-flow\">\n<p><\/p>\n\n\n\n<div id=\"wp-block-themeisle-blocks-icon-list-1d5ae1a5\" class=\"wp-block-themeisle-blocks-icon-list\">\n<div id=\"wp-block-themeisle-blocks-icon-list-item-43e209ec\" class=\"wp-block-themeisle-blocks-icon-list-item\"><i class=\"fas fa-check wp-block-themeisle-blocks-icon-list-item-icon\"><\/i><p class=\"wp-block-themeisle-blocks-icon-list-item-content\">T\u00e9l\u00e9phone au choix sur batterie<\/p><\/div>\n\n\n\n<div id=\"wp-block-themeisle-blocks-icon-list-item-34276f34\" class=\"wp-block-themeisle-blocks-icon-list-item\"><i class=\"fas fa-check wp-block-themeisle-blocks-icon-list-item-icon\"><\/i><p class=\"wp-block-themeisle-blocks-icon-list-item-content\">Votre <strong>message personnalis\u00e9<\/strong> pr\u00e9-enregistr\u00e9.<\/p><\/div>\n\n\n\n<div id=\"wp-block-themeisle-blocks-icon-list-item-b63044ad\" class=\"wp-block-themeisle-blocks-icon-list-item\"><i class=\"fas fa-check wp-block-themeisle-blocks-icon-list-item-icon\"><\/i><p class=\"wp-block-themeisle-blocks-icon-list-item-content\"><strong>Verrouillage t\u00e9l\u00e9phone<\/strong> contre les modifications par erreur.<\/p><\/div>\n\n\n\n<div id=\"wp-block-themeisle-blocks-icon-list-item-8a957f4a\" class=\"wp-block-themeisle-blocks-icon-list-item\"><i class=\"fas fa-check wp-block-themeisle-blocks-icon-list-item-icon\"><\/i><p class=\"wp-block-themeisle-blocks-icon-list-item-content\"><strong>\u00c0 retirer et rendre<\/strong> au plus tard 48h apr\u00e8s <strong>sur Nancy<\/strong>.<\/p><\/div>\n\n\n\n<div id=\"wp-block-themeisle-blocks-icon-list-item-b302e73c\" class=\"wp-block-themeisle-blocks-icon-list-item\"><i class=\"fas fa-check wp-block-themeisle-blocks-icon-list-item-icon\"><\/i><p class=\"wp-block-themeisle-blocks-icon-list-item-content\">Messages enregistr\u00e9s en <strong>MP3 \u00e0 t\u00e9l\u00e9charger<\/strong>.<\/p><\/div>\n<\/div>\n<\/div>\n\n\n\n<div class=\"wp-block-column is-vertically-aligned-center is-layout-flow wp-block-column-is-layout-flow\" style=\"flex-basis:12%\">\n<p><\/p>\n\n\n\n<h2 class=\"wp-block-heading has-text-align-right\">135 \u20ac<\/h2>\n\n\n\n<h6 class=\"wp-block-heading has-text-align-right\"><\/h6>\n<\/div>\n<\/div>\n<\/div><\/div>\n\n\n\n<div id=\"COSY\" class=\"wp-block-group has-background\" style=\"background:linear-gradient(0deg,rgba(237,237,237,0) 0%,rgba(194,188,169,0.25) 100%)\"><div class=\"wp-block-group__inner-container is-layout-constrained wp-block-group-is-layout-constrained\">\n<div class=\"wp-block-columns is-layout-flex wp-container-core-columns-is-layout-9d6595d7 wp-block-columns-is-layout-flex\">\n<div class=\"wp-block-column is-layout-flow wp-block-column-is-layout-flow\" style=\"flex-basis:25%\">\n<div class=\"wp-block-cover\"><span aria-hidden=\"true\" class=\"wp-block-cover__background has-background-dim-20 has-background-dim\"><\/span><img loading=\"lazy\" decoding=\"async\" width=\"1707\" height=\"2560\" class=\"wp-block-cover__image-background wp-image-236\" alt=\"\" src=\"https:\/\/1bip1message.fr\/WP\/wp-content\/uploads\/2024\/02\/vanlife-sunset-scaled.jpg\" style=\"object-position:79% 49%\" data-object-fit=\"cover\" data-object-position=\"79% 49%\" srcset=\"https:\/\/1bip1message.fr\/WP\/wp-content\/uploads\/2024\/02\/vanlife-sunset-scaled.jpg 1707w, https:\/\/1bip1message.fr\/WP\/wp-content\/uploads\/2024\/02\/vanlife-sunset-200x300.jpg 200w, https:\/\/1bip1message.fr\/WP\/wp-content\/uploads\/2024\/02\/vanlife-sunset-683x1024.jpg 683w, https:\/\/1bip1message.fr\/WP\/wp-content\/uploads\/2024\/02\/vanlife-sunset-768x1152.jpg 768w, https:\/\/1bip1message.fr\/WP\/wp-content\/uploads\/2024\/02\/vanlife-sunset-1024x1536.jpg 1024w, https:\/\/1bip1message.fr\/WP\/wp-content\/uploads\/2024\/02\/vanlife-sunset-1365x2048.jpg 1365w\" sizes=\"auto, (max-width: 1707px) 100vw, 1707px\" \/><div class=\"wp-block-cover__inner-container is-layout-flow wp-block-cover-is-layout-flow\">\n<h2 class=\"wp-block-heading has-text-align-center has-white-color has-text-color\" id=\"NOSTRESS\">NO STRESS<\/h2>\n\n\n\n<div style=\"height:235px\" aria-hidden=\"true\" class=\"wp-block-spacer\"><\/div>\n<\/div><\/div>\n<\/div>\n\n\n\n<div class=\"wp-block-column is-vertically-aligned-center ticss-c8299aea is-layout-flow wp-block-column-is-layout-flow\">\n<div id=\"wp-block-themeisle-blocks-icon-list-c4a63151\" class=\"wp-block-themeisle-blocks-icon-list\">\n<div id=\"wp-block-themeisle-blocks-icon-list-item-c42b31a7\" class=\"wp-block-themeisle-blocks-icon-list-item\"><i class=\"fas fa-check wp-block-themeisle-blocks-icon-list-item-icon\"><\/i><p class=\"wp-block-themeisle-blocks-icon-list-item-content\">Disponible en option sur pack Premium et Cosy<\/p><\/div>\n\n\n\n<div id=\"wp-block-themeisle-blocks-icon-list-item-d7401301\" class=\"wp-block-themeisle-blocks-icon-list-item\"><i class=\"fas fa-check wp-block-themeisle-blocks-icon-list-item-icon\"><\/i><p class=\"wp-block-themeisle-blocks-icon-list-item-content\">Livr\u00e9 et install\u00e9 la veille \u00e0 50km \u00e0 la ronde de Nancy.<\/p><\/div>\n\n\n\n<div id=\"wp-block-themeisle-blocks-icon-list-item-cdaf7b7a\" class=\"wp-block-themeisle-blocks-icon-list-item\"><i class=\"fas fa-check wp-block-themeisle-blocks-icon-list-item-icon\"><\/i><p class=\"wp-block-themeisle-blocks-icon-list-item-content\">Au del\u00e0 de 50km sur devis<\/p><\/div>\n\n\n\n<div id=\"wp-block-themeisle-blocks-icon-list-item-8ba1b9d0\" class=\"wp-block-themeisle-blocks-icon-list-item\"><i class=\"fas fa-check wp-block-themeisle-blocks-icon-list-item-icon\"><\/i><p class=\"wp-block-themeisle-blocks-icon-list-item-content\">Reprise au plus tard 48h apr\u00e8s.<\/p><\/div>\n<\/div>\n<\/div>\n\n\n\n<div class=\"wp-block-column is-vertically-aligned-center is-layout-flow wp-block-column-is-layout-flow\" style=\"flex-basis:15%\">\n<h2 id=\"wp-block-themeisle-blocks-advanced-heading-fa7bfdd1\" class=\"wp-block-themeisle-blocks-advanced-heading wp-block-themeisle-blocks-advanced-heading-fa7bfdd1 ticss-16a7a4a1\">50\u20ac<\/h2>\n<\/div>\n<\/div>\n<\/div><\/div>\n\n\n\n<div id=\"MEMORIES\" class=\"wp-block-group has-background\" style=\"background:linear-gradient(0deg,rgba(237,237,237,0) 0%,rgba(194,188,169,0.25) 98%)\"><div class=\"wp-block-group__inner-container is-layout-constrained wp-block-group-is-layout-constrained\">\n<div class=\"wp-block-columns is-layout-flex wp-container-core-columns-is-layout-9d6595d7 wp-block-columns-is-layout-flex\">\n<div class=\"wp-block-column is-layout-flow wp-block-column-is-layout-flow\" style=\"flex-basis:25%\">\n<div class=\"wp-block-cover\"><span aria-hidden=\"true\" class=\"wp-block-cover__background has-background-dim-20 has-background-dim\"><\/span><img loading=\"lazy\" decoding=\"async\" width=\"4000\" height=\"6000\" class=\"wp-block-cover__image-background wp-image-172\" alt=\"\" src=\"https:\/\/1bip1message.fr\/WP\/wp-content\/uploads\/2023\/12\/Design-sans-titre.png\" data-object-fit=\"cover\" srcset=\"https:\/\/1bip1message.fr\/WP\/wp-content\/uploads\/2023\/12\/Design-sans-titre.png 4000w, https:\/\/1bip1message.fr\/WP\/wp-content\/uploads\/2023\/12\/Design-sans-titre-200x300.png 200w, https:\/\/1bip1message.fr\/WP\/wp-content\/uploads\/2023\/12\/Design-sans-titre-683x1024.png 683w, https:\/\/1bip1message.fr\/WP\/wp-content\/uploads\/2023\/12\/Design-sans-titre-768x1152.png 768w, https:\/\/1bip1message.fr\/WP\/wp-content\/uploads\/2023\/12\/Design-sans-titre-1024x1536.png 1024w, https:\/\/1bip1message.fr\/WP\/wp-content\/uploads\/2023\/12\/Design-sans-titre-1365x2048.png 1365w\" sizes=\"auto, (max-width: 4000px) 100vw, 4000px\" \/><div class=\"wp-block-cover__inner-container is-layout-flow wp-block-cover-is-layout-flow\">\n<h2 class=\"wp-block-heading has-text-align-center has-white-color has-text-color\" id=\"MEMORIES\">MEMORIES<\/h2>\n\n\n\n<div style=\"height:235px\" aria-hidden=\"true\" class=\"wp-block-spacer\"><\/div>\n<\/div><\/div>\n<\/div>\n\n\n\n<div class=\"wp-block-column is-vertically-aligned-center ticss-5bbafcf9 is-layout-flow wp-block-column-is-layout-flow\">\n<div id=\"wp-block-themeisle-blocks-icon-list-89c39a88\" class=\"wp-block-themeisle-blocks-icon-list\">\n<div id=\"wp-block-themeisle-blocks-icon-list-item-92761326\" class=\"wp-block-themeisle-blocks-icon-list-item\"><i class=\"fas fa-check wp-block-themeisle-blocks-icon-list-item-icon\"><\/i><p class=\"wp-block-themeisle-blocks-icon-list-item-content\">Disponible en option sur tous les packs<\/p><\/div>\n\n\n\n<div id=\"wp-block-themeisle-blocks-icon-list-item-c327b6e4\" class=\"wp-block-themeisle-blocks-icon-list-item\"><i class=\"fas fa-check wp-block-themeisle-blocks-icon-list-item-icon\"><\/i><p class=\"wp-block-themeisle-blocks-icon-list-item-content\">M\u00eame apr\u00e8s la prestation<\/p><\/div>\n\n\n\n<div id=\"wp-block-themeisle-blocks-icon-list-item-7789b4d0\" class=\"wp-block-themeisle-blocks-icon-list-item\"><i class=\"fas fa-check wp-block-themeisle-blocks-icon-list-item-icon\"><\/i><p class=\"wp-block-themeisle-blocks-icon-list-item-content\">Messages remasteris\u00e9s et grav\u00e9s sur vinyle<\/p><\/div>\n\n\n\n<div id=\"wp-block-themeisle-blocks-icon-list-item-3d069ade\" class=\"wp-block-themeisle-blocks-icon-list-item\"><i class=\"fas fa-check wp-block-themeisle-blocks-icon-list-item-icon\"><\/i><p class=\"wp-block-themeisle-blocks-icon-list-item-content\">Personnalisation de la pochette.<\/p><\/div>\n<\/div>\n<\/div>\n\n\n\n<div class=\"wp-block-column is-vertically-aligned-center is-layout-flow wp-block-column-is-layout-flow\" style=\"flex-basis:15%\">\n<p class=\"ticss-c0ecd8e3\" style=\"font-style:normal;font-weight:100\">\u00e0 partir de<\/p>\n\n\n\n<h2 class=\"wp-block-heading has-text-align-center\"><strong>155\u20ac<\/strong><\/h2>\n<\/div>\n<\/div>\n<\/div><\/div>\n\n\n\t\t<div id=\"bookacti-form-4-818608880\" class=\"bookacti-form-fields bookacti-booking-form-4 \" autocomplete=\"off\" >\n\t\t\t\t<input type='hidden' name='form_id' value='4'\/>\n\t\t\t<input type='hidden' name='action' value='bookactiSubmitBookingForm'\/>\n\t\t\t<div class='bookacti-form-field-container bookacti-form-field-name-calendar bookacti-form-field-type-calendar bookacti-form-field-id-16' id='bookacti-form-field-calendar-16-form-4-818608880' data-field-name=\"calendar\" data-field-type=\"calendar\" data-field-id=\"16\">\n\t\t\t<div class='bookacti-form-field-content' >\n\t\t\n\t<div class='bookacti-booking-system-container' id='bookacti-booking-system-form-4-818608880-container'>\n\t\t<script>\n\t\t\t\/\/ Compatibility with Optimization plugins\n\t\t\tif( typeof bookacti === 'undefined' ) { var bookacti = { booking_system:[] }; }\n\t\t\tbookacti.booking_system[ 'bookacti-booking-system-form-4-818608880' ] = {\"events\":[],\"events_data\":[],\"events_interval\":{\"start\":\"2026-04-30 18:06:42\",\"end\":\"2026-04-30 18:06:42\"},\"events_min_interval\":[],\"bookings\":[],\"groups_bookings\":[],\"booking_lists\":[],\"activities_data\":[],\"groups_events\":[],\"groups_data\":[],\"group_categories_data\":[],\"no_events\":0,\"id\":\"bookacti-booking-system-form-4-818608880\",\"class\":\"\",\"hide_availability\":100,\"hide_calendar\":[\"none\"],\"calendars\":[1],\"activities\":[3,4,1,2],\"group_categories\":[\"none\"],\"groups_only\":0,\"groups_single_events\":0,\"groups_first_event_only\":0,\"multiple_bookings\":0,\"bookings_only\":0,\"tooltip_booking_list\":0,\"tooltip_booking_list_columns\":[],\"status\":[],\"user_id\":[],\"method\":\"calendar\",\"auto_load\":0,\"display_period\":{\"start\":\"2026-04-30 18:06:42\",\"end\":\"\"},\"availability_period\":{\"start\":\"2026-04-30 18:06:42\",\"end\":\"\"},\"start\":\"2026-04-30 18:06:42\",\"end\":\"\",\"trim\":1,\"out_of_period_events\":0,\"past_events\":0,\"past_events_bookable\":0,\"use_global_days_off\":0,\"days_off\":[],\"check_roles\":1,\"picked_events\":[],\"form_id\":4,\"form_action\":\"default\",\"when_perform_form_action\":\"on_submit\",\"select_first_event\":0,\"redirect_url_by_activity\":[],\"redirect_url_by_group_category\":[],\"display_data\":{\"slotMinTime\":\"10:00\",\"slotMaxTime\":\"18:00\"},\"context\":\"\",\"custom_dataset\":\"\"};\n\t\t<\/script>\n\t\t\t\t\n\t\t<div class='bookacti-booking-system-inputs'>\n\t\t\t\t\t<\/div>\n\t\t\n\t\t\t\t\n\t\t<div id='bookacti-booking-system-form-4-818608880' class='bookacti-booking-system '>\n\t\t\t\t\t<div class='bookacti-calendar-title bookacti-booking-system-title '>\n\t\t\tChoisissez un \u00e9v\u00e8nement sur le calendrier\u00a0:\t\t<\/div>\n\t\t<div class='bookacti-calendar '><\/div>\n\t\t\t<\/div>\n\t\t\n\t\t\t\t\n\t\t<div class='bookacti-picked-events' style='display:none;'>\n\t\t\t<div class='bookacti-picked-events-list-title'><\/div>\n\t\t\t<ul class='bookacti-picked-events-list bookacti-custom-scrollbar'>\n\t\t\t\t\t\t\t<\/ul>\n\t\t<\/div>\n\t\t\n\t\t<div class='bookacti-notices' style='display:none;'>\n\t\t\t\t\t<\/div>\n\t\t\n\t\t<div class='bookacti-tooltips-container'>\n\t\t\t\t\t<\/div>\n\t\t\n\t\t\t<\/div>\n\t<div id='bookacti-booking-system-form-4-818608880-dialogs' class='bookacti-booking-system-dialogs'>\n\t\t\t<!-- Choose a group of events -->\n\t<div id='bookacti-booking-system-form-4-818608880-choose-group-of-events-dialog' \n\t\t data-booking-system-id='bookacti-booking-system-form-4-818608880' \n\t\t class='bookacti-backend-dialog bookacti-choose-group-of-events-dialog bookacti-booking-system-dialog' \n\t\t title='Cet \u00e9v\u00e8nement est disponible dans plusieurs groupes' \n\t\t style='display:none;' >\n\t\tQuel groupe d&#039;\u00e9v\u00e8nements voulez-vous s\u00e9lectionner&nbsp;?\t\t<div id='bookacti-booking-system-form-4-818608880-groups-of-events-list' class='bookacti-groups-of-events-list' ><\/div>\n\t<\/div>\n\n\t\t<\/div>\n\t\t\t<\/div>\n\t<\/div>\n\t<div class='bookacti-form-field-container bookacti-form-field-name-quantity bookacti-form-field-type-quantity  bookacti-hidden-field' id='bookacti-compulsory-quantity-field' data-field-name=\"quantity\" data-field-type=\"quantity\">\n\t\t\t<div class='bookacti-form-field-label' >\n\t\t\t<label>\n\t\t\tQuantit\u00e9<span class=\"bookacti-required-field-indicator\" title=\"Champ obligatoire\"><\/span>\t\t\t<\/label>\n\t\t\t\t<\/div>\n\t\t\t<div class='bookacti-form-field-content' >\n\t\t\t\t<input type='number' \r\n\t\t\t\tname='quantity' \r\n\t\t\t\tvalue='1' \r\n\t\t\t\tautocomplete='off'\r\n\t\t\t\tid='77ed68d363cebeb0d507f7f0ade41725' \r\n\t\t\t\tclass='bookacti-input bookacti-form-field bookacti-quantity' \r\n\t\t\t\t\t\t\tplaceholder='' \r\n\t\t\t\t\t\t\tmin='1' \r\n\t\t\t\tmax=''\r\n\t\t\t\tstep=''\r\n\t\t\t\t\t\/>\r\n\t\t\t<\/div>\n\t<\/div>\n\t\t\t<div class='bookacti-notices' style='display:none;'><\/div>\n\t\t\t<\/div>\n\t\n\n\n\n","protected":false},"excerpt":{"rendered":"","protected":false},"author":2,"featured_media":0,"parent":0,"menu_order":0,"comment_status":"closed","ping_status":"closed","template":"template-parts\/template-single_page.php","meta":{"_themeisle_gutenberg_block_has_review":false,"footnotes":""},"class_list":["post-7","page","type-page","status-publish","hentry"],"jetpack_sharing_enabled":true,"jetpack_likes_enabled":false,"_links":{"self":[{"href":"https:\/\/1bip1message.fr\/index.php?rest_route=\/wp\/v2\/pages\/7","targetHints":{"allow":["GET"]}}],"collection":[{"href":"https:\/\/1bip1message.fr\/index.php?rest_route=\/wp\/v2\/pages"}],"about":[{"href":"https:\/\/1bip1message.fr\/index.php?rest_route=\/wp\/v2\/types\/page"}],"author":[{"embeddable":true,"href":"https:\/\/1bip1message.fr\/index.php?rest_route=\/wp\/v2\/users\/2"}],"replies":[{"embeddable":true,"href":"https:\/\/1bip1message.fr\/index.php?rest_route=%2Fwp%2Fv2%2Fcomments&post=7"}],"version-history":[{"count":84,"href":"https:\/\/1bip1message.fr\/index.php?rest_route=\/wp\/v2\/pages\/7\/revisions"}],"predecessor-version":[{"id":407,"href":"https:\/\/1bip1message.fr\/index.php?rest_route=\/wp\/v2\/pages\/7\/revisions\/407"}],"wp:attachment":[{"href":"https:\/\/1bip1message.fr\/index.php?rest_route=%2Fwp%2Fv2%2Fmedia&parent=7"}],"curies":[{"name":"wp","href":"https:\/\/api.w.org\/{rel}","templated":true}]}}